{"id":1078,"date":"2022-06-04T13:34:47","date_gmt":"2022-06-04T13:34:47","guid":{"rendered":"https:\/\/theme.madsparrow.me\/nicex\/?page_id=1078"},"modified":"2024-01-19T17:53:44","modified_gmt":"2024-01-19T23:53:44","slug":"services","status":"publish","type":"page","link":"https:\/\/heroicaideas.com\/es\/services\/","title":{"rendered":"Servicios"},"content":{"rendered":"<div data-elementor-type=\"wp-page\" data-elementor-id=\"1078\" class=\"elementor elementor-1078\" data-elementor-post-type=\"page\">\n\t\t\t\t\t\t<section class=\"elementor-section elementor-top-section elementor-element elementor-element-f6ad499 elementor-section-height-min-height elementor-section-boxed elementor-section-height-default elementor-section-items-middle\" data-id=\"f6ad499\" data-element_type=\"section\" data-e-type=\"section\">\n\t\t\t\t\t\t<div class=\"elementor-container elementor-column-gap-extended\">\n\t\t\t\t\t<div class=\"elementor-column elementor-col-100 elementor-top-column elementor-element elementor-element-f00459a\" data-id=\"f00459a\" data-element_type=\"column\" data-e-type=\"column\">\n\t\t\t<div class=\"elementor-widget-wrap elementor-element-populated\">\n\t\t\t\t\t\t<div class=\"elementor-element elementor-element-f19fbfe elementor-widget elementor-widget-heading\" data-id=\"f19fbfe\" data-element_type=\"widget\" data-e-type=\"widget\" data-widget_type=\"heading.default\">\n\t\t\t\t<div class=\"elementor-widget-container\">\n\t\t\t\t\t<h4 class=\"elementor-heading-title elementor-size-default\">- Nuestros servicios.<\/h4>\t\t\t\t<\/div>\n\t\t\t\t<\/div>\n\t\t\t\t<div class=\"elementor-element elementor-element-2e32185 elementor-widget elementor-widget-heading\" data-id=\"2e32185\" data-element_type=\"widget\" data-e-type=\"widget\" data-widget_type=\"heading.default\">\n\t\t\t\t<div class=\"elementor-widget-container\">\n\t\t\t\t\t<h1 class=\"elementor-heading-title elementor-size-default\">NUESTRO TRABAJO + SU PROYECTO = \u00c9XITO!\n<\/h1>\t\t\t\t<\/div>\n\t\t\t\t<\/div>\n\t\t\t\t<div class=\"elementor-element elementor-element-cafd822 elementor-widget elementor-widget-text-editor\" data-id=\"cafd822\" data-element_type=\"widget\" data-e-type=\"widget\" data-widget_type=\"text-editor.default\">\n\t\t\t\t<div class=\"elementor-widget-container\">\n\t\t\t\t\t\t\t\t\t<p>Ofrecemos un amplio rango de servicios relacionados con creatividad e innovaci\u00f3n gr\u00e1fica y audiovisual:<\/p>\t\t\t\t\t\t\t\t<\/div>\n\t\t\t\t<\/div>\n\t\t\t\t\t<\/div>\n\t\t<\/div>\n\t\t\t\t\t<\/div>\n\t\t<\/section>\n\t\t\t\t<section class=\"elementor-section elementor-top-section elementor-element elementor-element-8032182 elementor-section-boxed elementor-section-height-default elementor-section-height-default\" data-id=\"8032182\" data-element_type=\"section\" data-e-type=\"section\">\n\t\t\t\t\t\t<div class=\"elementor-container elementor-column-gap-extended\">\n\t\t\t\t\t<div class=\"elementor-column elementor-col-100 elementor-top-column elementor-element elementor-element-fb882f2\" data-id=\"fb882f2\" data-element_type=\"column\" data-e-type=\"column\">\n\t\t\t<div class=\"elementor-widget-wrap elementor-element-populated\">\n\t\t\t\t\t\t<section class=\"elementor-section elementor-inner-section elementor-element elementor-element-cbcd6b5 elementor-section-full_width elementor-section-height-default elementor-section-height-default\" data-id=\"cbcd6b5\" data-element_type=\"section\" data-e-type=\"section\">\n\t\t\t\t\t\t<div class=\"elementor-container elementor-column-gap-extended\">\n\t\t\t\t\t<div class=\"elementor-column elementor-col-33 elementor-inner-column elementor-element elementor-element-070d98a\" data-id=\"070d98a\" data-element_type=\"column\" data-e-type=\"column\">\n\t\t\t<div class=\"elementor-widget-wrap elementor-element-populated\">\n\t\t\t\t\t\t<div class=\"elementor-element elementor-element-f79d454 elementor-widget elementor-widget-services\" data-id=\"f79d454\" data-element_type=\"widget\" data-e-type=\"widget\" data-widget_type=\"services.default\">\n\t\t\t\t<div class=\"elementor-widget-container\">\n\t\t\t\t\t        \r\n        <div class=\"ms-sb img-left\">\r\n\r\n            \r\n                <div class=\"ms-sb--img default\">\r\n                                            <img decoding=\"async\" width=\"100\" height=\"100\" src=\"https:\/\/heroicaideas.com\/wp-content\/uploads\/2024\/01\/Produccion-audiovisual.png\" class=\"attachment-full size-full wp-image-2874\" alt=\"\" srcset=\"https:\/\/heroicaideas.com\/wp-content\/uploads\/2024\/01\/Produccion-audiovisual.png 100w, https:\/\/heroicaideas.com\/wp-content\/uploads\/2024\/01\/Produccion-audiovisual-50x50.png 50w, https:\/\/heroicaideas.com\/wp-content\/uploads\/2024\/01\/Produccion-audiovisual-80x80.png 80w\" sizes=\"(max-width: 100px) 100vw, 100px\" \/>                                    <\/div>\r\n\r\n            \r\n            <div class=\"ms-sb--inner\">\r\n                                    <h3 class=\"ms-sb--title\">\r\n                                                    <span>Producci\u00f3n de video:<\/span>\r\n                                            <\/h3>\r\n                                                    <p class=\"ms-sb--text\">Le ayudamos en la producci\u00f3n de sus comerciales, entrevistas, documentales, videos corporativos y cortometrajes.<\/p>\r\n                            <\/div>\r\n\r\n        <\/div>\r\n\r\n        \t\t\t\t<\/div>\n\t\t\t\t<\/div>\n\t\t\t\t\t<\/div>\n\t\t<\/div>\n\t\t\t\t<div class=\"elementor-column elementor-col-33 elementor-inner-column elementor-element elementor-element-e95b777\" data-id=\"e95b777\" data-element_type=\"column\" data-e-type=\"column\">\n\t\t\t<div class=\"elementor-widget-wrap elementor-element-populated\">\n\t\t\t\t\t\t<div class=\"elementor-element elementor-element-1c0e20b elementor-widget elementor-widget-services\" data-id=\"1c0e20b\" data-element_type=\"widget\" data-e-type=\"widget\" data-widget_type=\"services.default\">\n\t\t\t\t<div class=\"elementor-widget-container\">\n\t\t\t\t\t        \r\n        <div class=\"ms-sb img-left\">\r\n\r\n            \r\n                <div class=\"ms-sb--img default\">\r\n                                            <img decoding=\"async\" width=\"100\" height=\"100\" src=\"https:\/\/heroicaideas.com\/wp-content\/uploads\/2024\/01\/Animacion.png\" class=\"attachment-full size-full wp-image-2875\" alt=\"\" srcset=\"https:\/\/heroicaideas.com\/wp-content\/uploads\/2024\/01\/Animacion.png 100w, https:\/\/heroicaideas.com\/wp-content\/uploads\/2024\/01\/Animacion-50x50.png 50w, https:\/\/heroicaideas.com\/wp-content\/uploads\/2024\/01\/Animacion-80x80.png 80w\" sizes=\"(max-width: 100px) 100vw, 100px\" \/>                                    <\/div>\r\n\r\n            \r\n            <div class=\"ms-sb--inner\">\r\n                                    <h3 class=\"ms-sb--title\">\r\n                                                    <span>Animaci\u00f3n:<\/span>\r\n                                            <\/h3>\r\n                                                    <p class=\"ms-sb--text\">Desarrollamos animaci\u00f3n en t\u00e9cnicas como Gr\u00e1ficos en movimiento, 3D y 2D cutout.<\/p>\r\n                            <\/div>\r\n\r\n        <\/div>\r\n\r\n        \t\t\t\t<\/div>\n\t\t\t\t<\/div>\n\t\t\t\t\t<\/div>\n\t\t<\/div>\n\t\t\t\t<div class=\"elementor-column elementor-col-33 elementor-inner-column elementor-element elementor-element-50ecbf3\" data-id=\"50ecbf3\" data-element_type=\"column\" data-e-type=\"column\">\n\t\t\t<div class=\"elementor-widget-wrap elementor-element-populated\">\n\t\t\t\t\t\t<div class=\"elementor-element elementor-element-a8b8b09 elementor-widget elementor-widget-services\" data-id=\"a8b8b09\" data-element_type=\"widget\" data-e-type=\"widget\" data-widget_type=\"services.default\">\n\t\t\t\t<div class=\"elementor-widget-container\">\n\t\t\t\t\t        \r\n        <div class=\"ms-sb img-left\">\r\n\r\n            \r\n                <div class=\"ms-sb--img default\">\r\n                                            <img decoding=\"async\" width=\"100\" height=\"100\" src=\"https:\/\/heroicaideas.com\/wp-content\/uploads\/2024\/01\/postproduction.png\" class=\"attachment-full size-full wp-image-2876\" alt=\"\" srcset=\"https:\/\/heroicaideas.com\/wp-content\/uploads\/2024\/01\/postproduction.png 100w, https:\/\/heroicaideas.com\/wp-content\/uploads\/2024\/01\/postproduction-50x50.png 50w, https:\/\/heroicaideas.com\/wp-content\/uploads\/2024\/01\/postproduction-80x80.png 80w\" sizes=\"(max-width: 100px) 100vw, 100px\" \/>                                    <\/div>\r\n\r\n            \r\n            <div class=\"ms-sb--inner\">\r\n                                    <h3 class=\"ms-sb--title\">\r\n                                                    <span>Post-producci\u00f3n:<\/span>\r\n                                            <\/h3>\r\n                                                    <p class=\"ms-sb--text\">Desde efectos visuales hasta la edici\u00f3n de contenido, le apoyamos en su proyecto y damos vida a su visi\u00f3n creativa.<\/p>\r\n                            <\/div>\r\n\r\n        <\/div>\r\n\r\n        \t\t\t\t<\/div>\n\t\t\t\t<\/div>\n\t\t\t\t\t<\/div>\n\t\t<\/div>\n\t\t\t\t\t<\/div>\n\t\t<\/section>\n\t\t\t\t<section class=\"elementor-section elementor-inner-section elementor-element elementor-element-ab34c9b elementor-section-full_width elementor-section-height-default elementor-section-height-default\" data-id=\"ab34c9b\" data-element_type=\"section\" data-e-type=\"section\">\n\t\t\t\t\t\t<div class=\"elementor-container elementor-column-gap-extended\">\n\t\t\t\t\t<div class=\"elementor-column elementor-col-33 elementor-inner-column elementor-element elementor-element-87d5858\" data-id=\"87d5858\" data-element_type=\"column\" data-e-type=\"column\">\n\t\t\t<div class=\"elementor-widget-wrap elementor-element-populated\">\n\t\t\t\t\t\t<div class=\"elementor-element elementor-element-ea30d95 elementor-widget elementor-widget-services\" data-id=\"ea30d95\" data-element_type=\"widget\" data-e-type=\"widget\" data-widget_type=\"services.default\">\n\t\t\t\t<div class=\"elementor-widget-container\">\n\t\t\t\t\t        \r\n        <div class=\"ms-sb img-left\">\r\n\r\n            \r\n                <div class=\"ms-sb--img default\">\r\n                                            <img loading=\"lazy\" decoding=\"async\" width=\"100\" height=\"100\" src=\"https:\/\/heroicaideas.com\/wp-content\/uploads\/2024\/01\/mkt.png\" class=\"attachment-full size-full wp-image-2877\" alt=\"\" srcset=\"https:\/\/heroicaideas.com\/wp-content\/uploads\/2024\/01\/mkt.png 100w, https:\/\/heroicaideas.com\/wp-content\/uploads\/2024\/01\/mkt-50x50.png 50w, https:\/\/heroicaideas.com\/wp-content\/uploads\/2024\/01\/mkt-80x80.png 80w\" sizes=\"(max-width: 100px) 100vw, 100px\" \/>                                    <\/div>\r\n\r\n            \r\n            <div class=\"ms-sb--inner\">\r\n                                    <h3 class=\"ms-sb--title\">\r\n                                                    <span>Marketing:<\/span>\r\n                                            <\/h3>\r\n                                                    <p class=\"ms-sb--text\">Desde campa\u00f1as hasta contenido de redes sociales, desarrollamos su comunicaci\u00f3n con conceptos orientados en metas para cumplir sus objetivos.<\/p>\r\n                            <\/div>\r\n\r\n        <\/div>\r\n\r\n        \t\t\t\t<\/div>\n\t\t\t\t<\/div>\n\t\t\t\t\t<\/div>\n\t\t<\/div>\n\t\t\t\t<div class=\"elementor-column elementor-col-33 elementor-inner-column elementor-element elementor-element-56966f3\" data-id=\"56966f3\" data-element_type=\"column\" data-e-type=\"column\">\n\t\t\t<div class=\"elementor-widget-wrap elementor-element-populated\">\n\t\t\t\t\t\t<div class=\"elementor-element elementor-element-594f885 elementor-widget elementor-widget-services\" data-id=\"594f885\" data-element_type=\"widget\" data-e-type=\"widget\" data-widget_type=\"services.default\">\n\t\t\t\t<div class=\"elementor-widget-container\">\n\t\t\t\t\t        \r\n        <div class=\"ms-sb img-left\">\r\n\r\n            \r\n                <div class=\"ms-sb--img default\">\r\n                                            <img loading=\"lazy\" decoding=\"async\" width=\"100\" height=\"100\" src=\"https:\/\/heroicaideas.com\/wp-content\/uploads\/2024\/01\/design.png\" class=\"attachment-full size-full wp-image-2878\" alt=\"\" srcset=\"https:\/\/heroicaideas.com\/wp-content\/uploads\/2024\/01\/design.png 100w, https:\/\/heroicaideas.com\/wp-content\/uploads\/2024\/01\/design-50x50.png 50w, https:\/\/heroicaideas.com\/wp-content\/uploads\/2024\/01\/design-80x80.png 80w\" sizes=\"(max-width: 100px) 100vw, 100px\" \/>                                    <\/div>\r\n\r\n            \r\n            <div class=\"ms-sb--inner\">\r\n                                    <h3 class=\"ms-sb--title\">\r\n                                                    <span>Dise\u00f1o Gr\u00e1fico:<\/span>\r\n                                            <\/h3>\r\n                                                    <p class=\"ms-sb--text\">Proveemos servicios de dise\u00f1o gr\u00e1fico para necesidades impresas o digitales.<\/p>\r\n                            <\/div>\r\n\r\n        <\/div>\r\n\r\n        \t\t\t\t<\/div>\n\t\t\t\t<\/div>\n\t\t\t\t\t<\/div>\n\t\t<\/div>\n\t\t\t\t<div class=\"elementor-column elementor-col-33 elementor-inner-column elementor-element elementor-element-1db0845\" data-id=\"1db0845\" data-element_type=\"column\" data-e-type=\"column\">\n\t\t\t<div class=\"elementor-widget-wrap elementor-element-populated\">\n\t\t\t\t\t\t<div class=\"elementor-element elementor-element-b8ad035 elementor-widget elementor-widget-services\" data-id=\"b8ad035\" data-element_type=\"widget\" data-e-type=\"widget\" data-widget_type=\"services.default\">\n\t\t\t\t<div class=\"elementor-widget-container\">\n\t\t\t\t\t        \r\n        <div class=\"ms-sb img-left\">\r\n\r\n            \r\n                <div class=\"ms-sb--img default\">\r\n                                            <img loading=\"lazy\" decoding=\"async\" width=\"100\" height=\"100\" src=\"https:\/\/heroicaideas.com\/wp-content\/uploads\/2024\/01\/interactive.png\" class=\"attachment-full size-full wp-image-2879\" alt=\"\" srcset=\"https:\/\/heroicaideas.com\/wp-content\/uploads\/2024\/01\/interactive.png 100w, https:\/\/heroicaideas.com\/wp-content\/uploads\/2024\/01\/interactive-50x50.png 50w, https:\/\/heroicaideas.com\/wp-content\/uploads\/2024\/01\/interactive-80x80.png 80w\" sizes=\"(max-width: 100px) 100vw, 100px\" \/>                                    <\/div>\r\n\r\n            \r\n            <div class=\"ms-sb--inner\">\r\n                                    <h3 class=\"ms-sb--title\">\r\n                                                    <span>Interactivos:<\/span>\r\n                                            <\/h3>\r\n                                                    <p class=\"ms-sb--text\">Desarrollamos invitaciones virtuales con caracter\u00edsticas como calendario, ubicaci\u00f3n y m\u00e1s as\u00ed como proyectos web. <\/p>\r\n                            <\/div>\r\n\r\n        <\/div>\r\n\r\n        \t\t\t\t<\/div>\n\t\t\t\t<\/div>\n\t\t\t\t\t<\/div>\n\t\t<\/div>\n\t\t\t\t\t<\/div>\n\t\t<\/section>\n\t\t\t\t<section class=\"elementor-section elementor-inner-section elementor-element elementor-element-4b4109d elementor-section-full_width elementor-section-height-default elementor-section-height-default\" data-id=\"4b4109d\" data-element_type=\"section\" data-e-type=\"section\">\n\t\t\t\t\t\t<div class=\"elementor-container elementor-column-gap-extended\">\n\t\t\t\t\t<div class=\"elementor-column elementor-col-33 elementor-inner-column elementor-element elementor-element-041e4e7\" data-id=\"041e4e7\" data-element_type=\"column\" data-e-type=\"column\">\n\t\t\t<div class=\"elementor-widget-wrap elementor-element-populated\">\n\t\t\t\t\t\t<div class=\"elementor-element elementor-element-5f728ce elementor-widget elementor-widget-services\" data-id=\"5f728ce\" data-element_type=\"widget\" data-e-type=\"widget\" data-widget_type=\"services.default\">\n\t\t\t\t<div class=\"elementor-widget-container\">\n\t\t\t\t\t        \r\n        <div class=\"ms-sb img-left\">\r\n\r\n            \r\n                <div class=\"ms-sb--img default\">\r\n                                            <img loading=\"lazy\" decoding=\"async\" width=\"100\" height=\"100\" src=\"https:\/\/heroicaideas.com\/wp-content\/uploads\/2024\/01\/3d.png\" class=\"attachment-full size-full wp-image-2880\" alt=\"\" srcset=\"https:\/\/heroicaideas.com\/wp-content\/uploads\/2024\/01\/3d.png 100w, https:\/\/heroicaideas.com\/wp-content\/uploads\/2024\/01\/3d-50x50.png 50w, https:\/\/heroicaideas.com\/wp-content\/uploads\/2024\/01\/3d-80x80.png 80w\" sizes=\"(max-width: 100px) 100vw, 100px\" \/>                                    <\/div>\r\n\r\n            \r\n            <div class=\"ms-sb--inner\">\r\n                                    <h3 class=\"ms-sb--title\">\r\n                                                    <span>Dise\u00f1o 3D:<\/span>\r\n                                            <\/h3>\r\n                                                    <p class=\"ms-sb--text\">Ya sea para campa\u00f1as publicitarias, desarrollo de personajes, objetos interactivo o infogr\u00e1ficos, creamos proyectos 3D seg\u00fan sus necesidades.<\/p>\r\n                            <\/div>\r\n\r\n        <\/div>\r\n\r\n        \t\t\t\t<\/div>\n\t\t\t\t<\/div>\n\t\t\t\t\t<\/div>\n\t\t<\/div>\n\t\t\t\t<div class=\"elementor-column elementor-col-33 elementor-inner-column elementor-element elementor-element-dc1b7dc\" data-id=\"dc1b7dc\" data-element_type=\"column\" data-e-type=\"column\">\n\t\t\t<div class=\"elementor-widget-wrap\">\n\t\t\t\t\t\t\t<\/div>\n\t\t<\/div>\n\t\t\t\t<div class=\"elementor-column elementor-col-33 elementor-inner-column elementor-element elementor-element-8edbb90\" data-id=\"8edbb90\" data-element_type=\"column\" data-e-type=\"column\">\n\t\t\t<div class=\"elementor-widget-wrap\">\n\t\t\t\t\t\t\t<\/div>\n\t\t<\/div>\n\t\t\t\t\t<\/div>\n\t\t<\/section>\n\t\t\t\t\t<\/div>\n\t\t<\/div>\n\t\t\t\t\t<\/div>\n\t\t<\/section>\n\t\t\t\t<\/div>","protected":false},"excerpt":{"rendered":"<p>\u2501&nbsp; Our Services OUR ASSISTANCE + YOUR PROJECT = SUCCESS! We offer a wide range of services related to creativity and graphic and audiovisual [&hellip;]<\/p>\n","protected":false},"author":1,"featured_media":0,"parent":0,"menu_order":0,"comment_status":"closed","ping_status":"closed","template":"page-custom.php","meta":{"footnotes":""},"class_list":["post-1078","page","type-page","status-publish","hentry"],"acf":{"full_width":false,"header_transparent":false},"_links":{"self":[{"href":"https:\/\/heroicaideas.com\/es\/wp-json\/wp\/v2\/pages\/1078","targetHints":{"allow":["GET"]}}],"collection":[{"href":"https:\/\/heroicaideas.com\/es\/wp-json\/wp\/v2\/pages"}],"about":[{"href":"https:\/\/heroicaideas.com\/es\/wp-json\/wp\/v2\/types\/page"}],"author":[{"embeddable":true,"href":"https:\/\/heroicaideas.com\/es\/wp-json\/wp\/v2\/users\/1"}],"replies":[{"embeddable":true,"href":"https:\/\/heroicaideas.com\/es\/wp-json\/wp\/v2\/comments?post=1078"}],"version-history":[{"count":31,"href":"https:\/\/heroicaideas.com\/es\/wp-json\/wp\/v2\/pages\/1078\/revisions"}],"predecessor-version":[{"id":2883,"href":"https:\/\/heroicaideas.com\/es\/wp-json\/wp\/v2\/pages\/1078\/revisions\/2883"}],"wp:attachment":[{"href":"https:\/\/heroicaideas.com\/es\/wp-json\/wp\/v2\/media?parent=1078"}],"curies":[{"name":"wp","href":"https:\/\/api.w.org\/{rel}","templated":true}]}}